{"id":971,"date":"2019-02-18T10:01:54","date_gmt":"2019-02-18T10:01:54","guid":{"rendered":"https:\/\/finca-puravida-lapalma.com\/kommentare\/"},"modified":"2023-07-17T10:01:10","modified_gmt":"2023-07-17T10:01:10","slug":"temoignages","status":"publish","type":"page","link":"https:\/\/finca-puravida-lapalma.com\/fr\/temoignages\/","title":{"rendered":"T\u00e9moignages"},"content":{"rendered":"\n<div class=\"wp-block-uagb-container uagb-block-03a5ab31 alignfull uagb-is-root-container\"><div class=\"uagb-container-inner-blocks-wrap\">\n<h1>T\u00e9moignages<\/h1>\n<p>Vos commentaires sont tr\u00e8s importants pour nous &#8211; Merci pour vos commentaires et suggestions..<\/p>\n<p>\u00a0<\/p>\n<p>Villa Pura Vida<\/p>\n<p>octobre 2020<\/p>\n<p>Estimados Stefanie y Matthias, hace una semana que terminamos nuestra estancia en vuestra preciosa villa y quer\u00edamos agradeceros vuestra amabilidad. Pasamos unos d\u00edas muy felices y agradables sinti\u00e9ndonos como si estuvi\u00e9ramos en nuestra propia casa por todas las comodidades y lo bien que est\u00e1 la vivienda, tanto sus estancias como \u00a0su zona exterior, con los jardines (muy ricas las fresas y las manzanas) y la zona de la piscina. Esperamos \u00a0poder volver en un futuro no muy lejano. Much\u00edsimas gracias de parte de todos nosotros (Ana, \u00c1ngeles (madre e hija), Eduardo y Jos\u00e9)<\/p>\n<p><strong>Villa Pura Vida<\/strong><\/p>\n<h4 class=\"review__headline\">Incredible unforgettable place<\/h4>\n<div class=\"review__metadata\">\n<p><span class=\"review__rating\"><span class=\"rating__score text-muted small\">5\/5<\/span><\/span><\/p>\n<div class=\"StarRating__stars StarRating__stars--5 StarRatingStatic--16px StarRatingStatic\" role=\"img\" aria-label=\"5.0 out of five stars\">\u00a0<\/div>\n<p><span class=\"review__stayed\"><span class=\"review__stayed-label\">Aufenthalt im <\/span><span class=\"review__stayed-details\">Juli 2020<\/span><\/span><\/p>\n<\/div>\n<div class=\"review__author\">\n<div><span class=\"review__author-name\">Carl P.<\/span><\/div>\n<\/div>\n<div class=\"review__verified-badge\">\u00a0<\/div>\n<div class=\"review--expanded\">\n<p>We were at La Palma as one of the first tourists after the COVID-19 lockdown so that alone already made this holiday very special.<\/p>\n<p>When you add to that the amazing villa (with heated pool, versatile sitting areas, comfortable and very practically organised rooms incl. great kitchen, &#8230;), peaceful and spacious environment very close to nature and with exquisite views from everywhere (including the daily sunset !) and of course also the beauty of the La Palma island itself it made it one of the best holidays we ever had.<\/p>\n<p>On top of that we also had the honour to meet the owners Stefanie and Matthias in person who were the best hosts you can imagine. Via this channel we want to thank them again for the superb hospitality and flexibility prior to and during our stay and last but not least thanks again for the unforgettable surprise for our oldest son&rsquo;s birthday!<\/p>\n<\/div>\n<div class=\"review__footer\">\n<div class=\"review__submitted\"><span class=\"review__submitted-label\">Ver\u00f6ffentlicht: <\/span><span class=\"review__submitted-details\">31. Juli 2020<\/span><\/div>\n<\/div>\n<div class=\"review__metadata\">\n<p><em><span class=\"review__stayed\"><span class=\"review__stayed-label\">Casa Pura Vida<\/span><\/span><\/em><\/p>\n<p><em><span class=\"review__stayed\"><span class=\"review__stayed-label\">\u00ab\u00a0Aufenthalt im <\/span><span class=\"review__stayed-details\">M\u00e4rz 2019<\/span><\/span><\/em><\/p>\n<p><em><span class=\"review__author-name\">Susanne L.<\/span><\/em><\/p>\n<\/div>\n<div class=\"review--expanded\">\n<p><em>Ein perfektes H\u00e4uschen, das keine W\u00fcnsche offen l\u00e4sst. Eine sch\u00f6ne Unterkunft, die wir uneingeschr\u00e4nkt weiterempfehlen k\u00f6nnen. Wir waren die ersten G\u00e4ste von Stefanie und Matthias, die uns auf herzliche Art Willkommen hie\u00dfen &#8211; vielen lieben Dank daf\u00fcr. Wir haben uns uneingeschr\u00e4nkt wohl gef\u00fchlt und haben diese herrliche Insel nicht zum letzten Mal besucht.<\/em><\/p>\n<\/div>\n<div class=\"review__footer\">\n<div class=\"review__submitted\"><em><span class=\"review__submitted-label\">Ver\u00f6ffentlicht: <\/span><span class=\"review__submitted-details\">10. M\u00e4rz 2019&Prime;<\/span><\/em><\/div>\n<\/div>\n<p>\u00a0<\/p>\n<p><strong>Plus de commentaires peuvent \u00eatre trouv\u00e9s \u00e0 Fewo-Direkt<\/strong><\/p>\n<p><a href=\"https:\/\/www.fewo-direkt.de\/ferienwohnung-ferienhaus\/p2471984\" target=\"_blank\" rel=\"noopener noreferrer\">https:\/\/www.fewo-direkt.de\/ferienwohnung-ferienhaus\/p2471984<\/a><\/p>\n<p><a href=\"https:\/\/www.fewo-direkt.de\/ferienwohnung-ferienhaus\/p2839372\" target=\"_blank\" rel=\"noopener noreferrer\">https:\/\/www.fewo-direkt.de\/ferienwohnung-ferienhaus\/p2839372<\/a><\/p>\n\n<div class=\"wpcf7 no-js\" id=\"wpcf7-f1192-o1\" lang=\"de-DE\" dir=\"ltr\" data-wpcf7-id=\"1192\">\n<div class=\"screen-reader-response\"><p role=\"status\" aria-live=\"polite\" aria-atomic=\"true\"><\/p> <ul><\/ul><\/div>\n<form action=\"\/fr\/wp-json\/wp\/v2\/pages\/971#wpcf7-f1192-o1\" method=\"post\" class=\"wpcf7-form init\" aria-label=\"Kontaktformular\" novalidate=\"novalidate\" data-status=\"init\">\n<fieldset class=\"hidden-fields-container\"><input type=\"hidden\" name=\"_wpcf7\" value=\"1192\" \/><input type=\"hidden\" name=\"_wpcf7_version\" value=\"6.1.5\" \/><input type=\"hidden\" name=\"_wpcf7_locale\" value=\"de_DE\" \/><input type=\"hidden\" name=\"_wpcf7_unit_tag\" value=\"wpcf7-f1192-o1\" \/><input type=\"hidden\" name=\"_wpcf7_container_post\" value=\"0\" \/><input type=\"hidden\" name=\"_wpcf7_posted_data_hash\" value=\"\" \/>\n<\/fieldset>\n<p><label> Nom<br \/>\n<span class=\"wpcf7-form-control-wrap\" data-name=\"your-name\"><input size=\"40\" maxlength=\"400\" class=\"wpcf7-form-control wpcf7-text wpcf7-validates-as-required\" aria-required=\"true\" aria-invalid=\"false\" value=\"\" type=\"text\" name=\"your-name\" \/><\/span> <\/label>\n<\/p>\n<p><label> E-mail<br \/>\n<span class=\"wpcf7-form-control-wrap\" data-name=\"your-email\"><input size=\"40\" maxlength=\"400\" class=\"wpcf7-form-control wpcf7-email wpcf7-validates-as-required wpcf7-text wpcf7-validates-as-email\" aria-required=\"true\" aria-invalid=\"false\" value=\"\" type=\"email\" name=\"your-email\" \/><\/span> <\/label>\n<\/p>\n<p><label> Commentair<br \/>\n<span class=\"wpcf7-form-control-wrap\" data-name=\"your-message\"><textarea cols=\"40\" rows=\"10\" maxlength=\"2000\" class=\"wpcf7-form-control wpcf7-textarea wpcf7-validates-as-required\" aria-required=\"true\" aria-invalid=\"false\" name=\"your-message\"><\/textarea><\/span> <\/label>\n<\/p>\n<p><span class=\"wpcf7-form-control-wrap\" data-name=\"request-consent\"><span class=\"wpcf7-form-control wpcf7-acceptance\"><span class=\"wpcf7-list-item\"><label><input type=\"checkbox\" name=\"request-consent\" value=\"1\" aria-invalid=\"false\" \/><span class=\"wpcf7-list-item-label\">J'accepte que Finca Pura Vida utilise ces donn\u00e9es pour r\u00e9pondre \u00e0 ma question. Les donn\u00e9es ne seront pas transmises \u00e0 des tiers, voir notre d\u00e9claration de confidentialit\u00e9.<\/span><\/label><\/span><\/span><\/span>\n<\/p>\n<p><div class=\"cf7-cf-turnstile\" style=\"margin-top: 0px; margin-bottom: -15px;\"> <div id=\"cf-turnstile-cf7-3539991097\" class=\"cf-turnstile\" data-sitekey=\"0x4AAAAAAAYUoLj-zLY6AtBv\" data-theme=\"light\" data-language=\"auto\" data-size=\"normal\" data-retry=\"auto\" data-retry-interval=\"1000\" data-refresh-expired=\"auto\" data-refresh-timeout=\"auto\" data-action=\"contact-form-7\" data-callback=\"turnstileCF7Callback\" data-appearance=\"always\"><\/div> <script>document.addEventListener(\"DOMContentLoaded\", function() { setTimeout(function(){ var e=document.getElementById(\"cf-turnstile-cf7-3539991097\"); if(e&&!e.innerHTML.trim()){turnstile.render(e, {sitekey:\"0x4AAAAAAAYUoLj-zLY6AtBv\"});} }, 200); });<\/script> <br class=\"cf-turnstile-br cf-turnstile-br-cf7-3539991097\"> <style>#cf-turnstile-cf7-3539991097 { margin-left: -15px; }<\/style> <script>document.addEventListener(\"DOMContentLoaded\",function(){document.querySelectorAll('.wpcf7-form').forEach(function(e){e.addEventListener('submit',function(){if(document.getElementById('cf-turnstile-cf7-3539991097')){setTimeout(function(){turnstile.reset('#cf-turnstile-cf7-3539991097');},1000)}})})});<\/script> <\/div><br\/><input class=\"wpcf7-form-control wpcf7-submit has-spinner\" type=\"submit\" value=\"Envoyer\" \/>\n<\/p><div class=\"wpcf7-response-output\" aria-hidden=\"true\"><\/div>\n<\/form>\n<\/div>\n\n<\/div><\/div>\n","protected":false},"excerpt":{"rendered":"<p>T\u00e9moignages Vos commentaires sont tr\u00e8s importants pour nous &#8211; Merci pour vos commentaires et suggestions.. \u00a0 Villa Pura Vida octobre [&hellip;]<\/p>\n","protected":false},"author":2,"featured_media":0,"parent":0,"menu_order":0,"comment_status":"closed","ping_status":"closed","template":"","meta":{"_uag_custom_page_level_css":"","site-sidebar-layout":"default","site-content-layout":"","ast-site-content-layout":"default","site-content-style":"default","site-sidebar-style":"default","ast-global-header-display":"","ast-banner-title-visibility":"","ast-main-header-display":"","ast-hfb-above-header-display":"","ast-hfb-below-header-display":"","ast-hfb-mobile-header-display":"","site-post-title":"","ast-breadcrumbs-content":"","ast-featured-img":"","footer-sml-layout":"","ast-disable-related-posts":"","theme-transparent-header-meta":"","adv-header-id-meta":"","stick-header-meta":"","header-above-stick-meta":"","header-main-stick-meta":"","header-below-stick-meta":"","astra-migrate-meta-layouts":"default","ast-page-background-enabled":"default","ast-page-background-meta":{"desktop":{"background-color":"var(--ast-global-color-4)","background-image":"","background-repeat":"repeat","background-position":"center center","background-size":"auto","background-attachment":"scroll","background-type":"","background-media":"","overlay-type":"","overlay-color":"","overlay-opacity":"","overlay-gradient":""},"tablet":{"background-color":"","background-image":"","background-repeat":"repeat","background-position":"center center","background-size":"auto","background-attachment":"scroll","background-type":"","background-media":"","overlay-type":"","overlay-color":"","overlay-opacity":"","overlay-gradient":""},"mobile":{"background-color":"","background-image":"","background-repeat":"repeat","background-position":"center center","background-size":"auto","background-attachment":"scroll","background-type":"","background-media":"","overlay-type":"","overlay-color":"","overlay-opacity":"","overlay-gradient":""}},"ast-content-background-meta":{"desktop":{"background-color":"var(--ast-global-color-5)","background-image":"","background-repeat":"repeat","background-position":"center center","background-size":"auto","background-attachment":"scroll","background-type":"","background-media":"","overlay-type":"","overlay-color":"","overlay-opacity":"","overlay-gradient":""},"tablet":{"background-color":"var(--ast-global-color-5)","background-image":"","background-repeat":"repeat","background-position":"center center","background-size":"auto","background-attachment":"scroll","background-type":"","background-media":"","overlay-type":"","overlay-color":"","overlay-opacity":"","overlay-gradient":""},"mobile":{"background-color":"var(--ast-global-color-5)","background-image":"","background-repeat":"repeat","background-position":"center center","background-size":"auto","background-attachment":"scroll","background-type":"","background-media":"","overlay-type":"","overlay-color":"","overlay-opacity":"","overlay-gradient":""}},"footnotes":""},"class_list":["post-971","page","type-page","status-publish","hentry"],"yoast_head":"<!-- This site is optimized with the Yoast SEO plugin v27.3 - https:\/\/yoast.com\/product\/yoast-seo-wordpress\/ -->\n<title>T\u00e9moignages - Finca Pura Vida<\/title>\n<meta name=\"robots\" content=\"index, follow, max-snippet:-1, max-image-preview:large, max-video-preview:-1\" \/>\n<link rel=\"canonical\" href=\"https:\/\/finca-puravida-lapalma.com\/fr\/temoignages\/\" \/>\n<meta property=\"og:locale\" content=\"fr_FR\" \/>\n<meta property=\"og:type\" content=\"article\" \/>\n<meta property=\"og:title\" content=\"T\u00e9moignages - Finca Pura Vida\" \/>\n<meta property=\"og:description\" content=\"T\u00e9moignages Vos commentaires sont tr\u00e8s importants pour nous &#8211; Merci pour vos commentaires et suggestions.. \u00a0 Villa Pura Vida octobre [&hellip;]\" \/>\n<meta property=\"og:url\" content=\"https:\/\/finca-puravida-lapalma.com\/fr\/temoignages\/\" \/>\n<meta property=\"og:site_name\" content=\"Finca Pura Vida\" \/>\n<meta property=\"article:modified_time\" content=\"2023-07-17T10:01:10+00:00\" \/>\n<meta property=\"og:image\" content=\"https:\/\/finca-puravida-lapalma.com\/wp-content\/uploads\/intro-facebook.jpg\" \/>\n\t<meta property=\"og:image:width\" content=\"400\" \/>\n\t<meta property=\"og:image:height\" content=\"283\" \/>\n\t<meta property=\"og:image:type\" content=\"image\/jpeg\" \/>\n<meta name=\"twitter:card\" content=\"summary_large_image\" \/>\n<meta name=\"twitter:label1\" content=\"Dur\u00e9e de lecture estim\u00e9e\" \/>\n\t<meta name=\"twitter:data1\" content=\"2 minutes\" \/>\n<script type=\"application\/ld+json\" class=\"yoast-schema-graph\">{\"@context\":\"https:\\\/\\\/schema.org\",\"@graph\":[{\"@type\":\"WebPage\",\"@id\":\"https:\\\/\\\/finca-puravida-lapalma.com\\\/fr\\\/temoignages\\\/\",\"url\":\"https:\\\/\\\/finca-puravida-lapalma.com\\\/fr\\\/temoignages\\\/\",\"name\":\"T\u00e9moignages - Finca Pura Vida\",\"isPartOf\":{\"@id\":\"https:\\\/\\\/finca-puravida-lapalma.com\\\/fr\\\/#website\"},\"datePublished\":\"2019-02-18T10:01:54+00:00\",\"dateModified\":\"2023-07-17T10:01:10+00:00\",\"breadcrumb\":{\"@id\":\"https:\\\/\\\/finca-puravida-lapalma.com\\\/fr\\\/temoignages\\\/#breadcrumb\"},\"inLanguage\":\"fr-FR\",\"potentialAction\":[{\"@type\":\"ReadAction\",\"target\":[\"https:\\\/\\\/finca-puravida-lapalma.com\\\/fr\\\/temoignages\\\/\"]}]},{\"@type\":\"BreadcrumbList\",\"@id\":\"https:\\\/\\\/finca-puravida-lapalma.com\\\/fr\\\/temoignages\\\/#breadcrumb\",\"itemListElement\":[{\"@type\":\"ListItem\",\"position\":1,\"name\":\"Home\",\"item\":\"https:\\\/\\\/finca-puravida-lapalma.com\\\/fr\\\/\"},{\"@type\":\"ListItem\",\"position\":2,\"name\":\"T\u00e9moignages\"}]},{\"@type\":\"WebSite\",\"@id\":\"https:\\\/\\\/finca-puravida-lapalma.com\\\/fr\\\/#website\",\"url\":\"https:\\\/\\\/finca-puravida-lapalma.com\\\/fr\\\/\",\"name\":\"Finca Pura Vida\",\"description\":\"home\",\"publisher\":{\"@id\":\"https:\\\/\\\/finca-puravida-lapalma.com\\\/fr\\\/#organization\"},\"potentialAction\":[{\"@type\":\"SearchAction\",\"target\":{\"@type\":\"EntryPoint\",\"urlTemplate\":\"https:\\\/\\\/finca-puravida-lapalma.com\\\/fr\\\/?s={search_term_string}\"},\"query-input\":{\"@type\":\"PropertyValueSpecification\",\"valueRequired\":true,\"valueName\":\"search_term_string\"}}],\"inLanguage\":\"fr-FR\"},{\"@type\":\"Organization\",\"@id\":\"https:\\\/\\\/finca-puravida-lapalma.com\\\/fr\\\/#organization\",\"name\":\"Finca Pura Vida \u2013 La Palma\",\"url\":\"https:\\\/\\\/finca-puravida-lapalma.com\\\/fr\\\/\",\"logo\":{\"@type\":\"ImageObject\",\"inLanguage\":\"fr-FR\",\"@id\":\"https:\\\/\\\/finca-puravida-lapalma.com\\\/fr\\\/#\\\/schema\\\/logo\\\/image\\\/\",\"url\":\"https:\\\/\\\/finca-puravida-lapalma.com\\\/wp-content\\\/uploads\\\/intro-facebook.jpg\",\"contentUrl\":\"https:\\\/\\\/finca-puravida-lapalma.com\\\/wp-content\\\/uploads\\\/intro-facebook.jpg\",\"width\":400,\"height\":283,\"caption\":\"Finca Pura Vida \u2013 La Palma\"},\"image\":{\"@id\":\"https:\\\/\\\/finca-puravida-lapalma.com\\\/fr\\\/#\\\/schema\\\/logo\\\/image\\\/\"}}]}<\/script>\n<!-- \/ Yoast SEO plugin. -->","yoast_head_json":{"title":"T\u00e9moignages - Finca Pura Vida","robots":{"index":"index","follow":"follow","max-snippet":"max-snippet:-1","max-image-preview":"max-image-preview:large","max-video-preview":"max-video-preview:-1"},"canonical":"https:\/\/finca-puravida-lapalma.com\/fr\/temoignages\/","og_locale":"fr_FR","og_type":"article","og_title":"T\u00e9moignages - Finca Pura Vida","og_description":"T\u00e9moignages Vos commentaires sont tr\u00e8s importants pour nous &#8211; Merci pour vos commentaires et suggestions.. \u00a0 Villa Pura Vida octobre [&hellip;]","og_url":"https:\/\/finca-puravida-lapalma.com\/fr\/temoignages\/","og_site_name":"Finca Pura Vida","article_modified_time":"2023-07-17T10:01:10+00:00","og_image":[{"width":400,"height":283,"url":"https:\/\/finca-puravida-lapalma.com\/wp-content\/uploads\/intro-facebook.jpg","type":"image\/jpeg"}],"twitter_card":"summary_large_image","twitter_misc":{"Dur\u00e9e de lecture estim\u00e9e":"2 minutes"},"schema":{"@context":"https:\/\/schema.org","@graph":[{"@type":"WebPage","@id":"https:\/\/finca-puravida-lapalma.com\/fr\/temoignages\/","url":"https:\/\/finca-puravida-lapalma.com\/fr\/temoignages\/","name":"T\u00e9moignages - Finca Pura Vida","isPartOf":{"@id":"https:\/\/finca-puravida-lapalma.com\/fr\/#website"},"datePublished":"2019-02-18T10:01:54+00:00","dateModified":"2023-07-17T10:01:10+00:00","breadcrumb":{"@id":"https:\/\/finca-puravida-lapalma.com\/fr\/temoignages\/#breadcrumb"},"inLanguage":"fr-FR","potentialAction":[{"@type":"ReadAction","target":["https:\/\/finca-puravida-lapalma.com\/fr\/temoignages\/"]}]},{"@type":"BreadcrumbList","@id":"https:\/\/finca-puravida-lapalma.com\/fr\/temoignages\/#breadcrumb","itemListElement":[{"@type":"ListItem","position":1,"name":"Home","item":"https:\/\/finca-puravida-lapalma.com\/fr\/"},{"@type":"ListItem","position":2,"name":"T\u00e9moignages"}]},{"@type":"WebSite","@id":"https:\/\/finca-puravida-lapalma.com\/fr\/#website","url":"https:\/\/finca-puravida-lapalma.com\/fr\/","name":"Finca Pura Vida","description":"home","publisher":{"@id":"https:\/\/finca-puravida-lapalma.com\/fr\/#organization"},"potentialAction":[{"@type":"SearchAction","target":{"@type":"EntryPoint","urlTemplate":"https:\/\/finca-puravida-lapalma.com\/fr\/?s={search_term_string}"},"query-input":{"@type":"PropertyValueSpecification","valueRequired":true,"valueName":"search_term_string"}}],"inLanguage":"fr-FR"},{"@type":"Organization","@id":"https:\/\/finca-puravida-lapalma.com\/fr\/#organization","name":"Finca Pura Vida \u2013 La Palma","url":"https:\/\/finca-puravida-lapalma.com\/fr\/","logo":{"@type":"ImageObject","inLanguage":"fr-FR","@id":"https:\/\/finca-puravida-lapalma.com\/fr\/#\/schema\/logo\/image\/","url":"https:\/\/finca-puravida-lapalma.com\/wp-content\/uploads\/intro-facebook.jpg","contentUrl":"https:\/\/finca-puravida-lapalma.com\/wp-content\/uploads\/intro-facebook.jpg","width":400,"height":283,"caption":"Finca Pura Vida \u2013 La Palma"},"image":{"@id":"https:\/\/finca-puravida-lapalma.com\/fr\/#\/schema\/logo\/image\/"}}]}},"spectra_custom_meta":{"_alp_processed":["1552980638"],"_wpml_word_count":["{\"total\":91,\"to_translate\":{\"nl\":91,\"en\":91,\"fr\":91,\"es\":91}}"],"_yoast_wpseo_content_score":["90"],"_wpml_media_duplicate":["1"],"_wpml_media_featured":["1"],"_edit_lock":["1689588074:2"],"_edit_last":["2"],"_wp_page_template":[""],"_last_translation_edit_mode":["native-editor"],"_yoast_wpseo_estimated-reading-time-minutes":["2"],"_yoast_wpseo_wordproof_timestamp":[""],"_uag_css_file_name":["uag-css-971-1695041635.css"],"_uag_page_assets":["a:9:{s:3:\"css\";s:2425:\".wp-block-uagb-container.uagb-block-03a5ab31 .uagb-container__shape-top svg{width: calc( 100% + 1.3px );}.wp-block-uagb-container.uagb-block-03a5ab31 .uagb-container__shape.uagb-container__shape-top .uagb-container__shape-fill{fill: rgba(51,51,51,1);}.wp-block-uagb-container.uagb-block-03a5ab31 .uagb-container__shape-bottom svg{width: calc( 100% + 1.3px );}.wp-block-uagb-container.uagb-block-03a5ab31 .uagb-container__shape.uagb-container__shape-bottom .uagb-container__shape-fill{fill: rgba(51,51,51,1);}.wp-block-uagb-container.uagb-block-03a5ab31 .uagb-container__video-wrap video{opacity: 1;}.wp-block-uagb-container.uagb-is-root-container .uagb-block-03a5ab31{max-width: 100%;width: 100%;}.wp-block-uagb-container.uagb-is-root-container.alignfull.uagb-block-03a5ab31 > .uagb-container-inner-blocks-wrap{--inner-content-custom-width: min( 100%, 1150px);max-width: var(--inner-content-custom-width);width: 100%;flex-direction: column;align-items: flex-start;justify-content: flex-start;flex-wrap: nowrap;row-gap: 0px;column-gap: 0px;}.wp-block-uagb-container.uagb-block-03a5ab31{box-shadow: 0px 0px   #00000070 ;padding-top: 0px;padding-bottom: 0px;padding-left: 0px;padding-right: 0px;margin-top:  !important;margin-bottom:  !important;overflow: visible;order: initial;border-color: inherit;row-gap: 0px;column-gap: 0px;}@media only screen and (max-width: 976px) {.wp-block-uagb-container.uagb-is-root-container .uagb-block-03a5ab31{width: 100%;}.wp-block-uagb-container.uagb-is-root-container.alignfull.uagb-block-03a5ab31 > .uagb-container-inner-blocks-wrap{--inner-content-custom-width: min( 100%, 1024px);max-width: var(--inner-content-custom-width);width: 100%;}.wp-block-uagb-container.uagb-block-03a5ab31{padding-top: 0px;padding-bottom: 0px;padding-left: 0px;padding-right: 0px;margin-top:  !important;margin-bottom:  !important;order: initial;}}@media only screen and (max-width: 767px) {.wp-block-uagb-container.uagb-is-root-container .uagb-block-03a5ab31{max-width: 100%;width: 100%;}.wp-block-uagb-container.uagb-is-root-container.alignfull.uagb-block-03a5ab31 > .uagb-container-inner-blocks-wrap{--inner-content-custom-width: min( 100%, 767px);max-width: var(--inner-content-custom-width);width: 100%;flex-wrap: wrap;}.wp-block-uagb-container.uagb-block-03a5ab31{padding-top: 0px;padding-bottom: 0px;padding-left: 0px;padding-right: 0px;margin-top:  !important;margin-bottom:  !important;order: initial;}}\";s:2:\"js\";s:0:\"\";s:18:\"current_block_list\";a:2:{i:0;s:14:\"uagb\/container\";i:1;s:13:\"core\/freeform\";}s:8:\"uag_flag\";b:1;s:11:\"uag_version\";s:10:\"1775896595\";s:6:\"gfonts\";a:0:{}s:10:\"gfonts_url\";s:0:\"\";s:12:\"gfonts_files\";a:0:{}s:14:\"uag_faq_layout\";b:0;}"]},"uagb_featured_image_src":{"full":false,"thumbnail":false,"medium":false,"medium_large":false,"large":false,"1536x1536":false,"2048x2048":false},"uagb_author_info":{"display_name":"itlapalma","author_link":"https:\/\/finca-puravida-lapalma.com\/fr\/author\/itlapalma\/"},"uagb_comment_info":0,"uagb_excerpt":"T\u00e9moignages Vos commentaires sont tr\u00e8s importants pour nous &#8211; Merci pour vos commentaires et suggestions.. \u00a0 Villa Pura Vida octobre [&hellip;]","_links":{"self":[{"href":"https:\/\/finca-puravida-lapalma.com\/fr\/wp-json\/wp\/v2\/pages\/971","targetHints":{"allow":["GET"]}}],"collection":[{"href":"https:\/\/finca-puravida-lapalma.com\/fr\/wp-json\/wp\/v2\/pages"}],"about":[{"href":"https:\/\/finca-puravida-lapalma.com\/fr\/wp-json\/wp\/v2\/types\/page"}],"author":[{"embeddable":true,"href":"https:\/\/finca-puravida-lapalma.com\/fr\/wp-json\/wp\/v2\/users\/2"}],"replies":[{"embeddable":true,"href":"https:\/\/finca-puravida-lapalma.com\/fr\/wp-json\/wp\/v2\/comments?post=971"}],"version-history":[{"count":0,"href":"https:\/\/finca-puravida-lapalma.com\/fr\/wp-json\/wp\/v2\/pages\/971\/revisions"}],"wp:attachment":[{"href":"https:\/\/finca-puravida-lapalma.com\/fr\/wp-json\/wp\/v2\/media?parent=971"}],"curies":[{"name":"wp","href":"https:\/\/api.w.org\/{rel}","templated":true}]}}