{"id":1009,"date":"2019-02-18T10:01:06","date_gmt":"2019-02-18T10:01:06","guid":{"rendered":"https:\/\/finca-puravida-lapalma.com\/ueber-uns\/"},"modified":"2023-07-17T10:14:42","modified_gmt":"2023-07-17T10:14:42","slug":"a-propos-de-nous","status":"publish","type":"page","link":"https:\/\/finca-puravida-lapalma.com\/fr\/a-propos-de-nous\/","title":{"rendered":"\u00c0 propos de nous"},"content":{"rendered":"\n<div class=\"wp-block-uagb-container uagb-block-cf66ec88 alignfull uagb-is-root-container\"><div class=\"uagb-container-inner-blocks-wrap\">\n<h1>\u00c0 propos de nous<\/h1>\n<p><img loading=\"lazy\" decoding=\"async\" class=\"alignleft wp-image-643 size-medium\" src=\"https:\/\/finca-puravida-lapalma.com\/wp-content\/uploads\/Stefanie-und-Matthias-Legler-300x233.jpg\" alt=\"\" width=\"300\" height=\"233\" \/><\/p>\n<p>En \u00e9t\u00e9 2017, nous avons largu\u00e9 les amarres et ont lanc\u00e9 notre grand voyage en voilier. Apr\u00e8s de nombreuses ann\u00e9es de s\u00e9jours professionnels en Allemagne, en Malaisie et en Suisse, nous avons r\u00e9alis\u00e9 notre r\u00eave. D\u00e8s le d\u00e9but, nous avons eu le d\u00e9sir de trouver une r\u00e9sidence secondaire en plus de notre voilier. Et cela s&rsquo;est pass\u00e9 plus vite que pr\u00e9vu. Ici \u00e0 La Palma, nous savions que nous \u00e9tions arriv\u00e9s pour le moment et que nous avions trouv\u00e9 notre \u00ab\u00a0petit monde\u00a0\u00bb ici. Puisque nous ne voulons pas abandonner le \u201egrand monde\u201c et continuer \u00e0 naviguer, vous avez la possibilit\u00e9 pendant notre absence de partager notre bonheur et de passer du temps sur notre merveilleuse Finca. Puisque nous aimons l\u2019\u00eele et les Palmeros, nous continuerons d\u2019\u00eatre souvent \u00e0 La Palma et peut- \u00eatre nous nous rencontrerons personnellement.<\/p>\n<p><em>Stefanie et Matthias Legler<\/em><\/p>\n<\/div><\/div>\n","protected":false},"excerpt":{"rendered":"<p>\u00c0 propos de nous En \u00e9t\u00e9 2017, nous avons largu\u00e9 les amarres et ont lanc\u00e9 notre grand voyage en voilier. [&hellip;]<\/p>\n","protected":false},"author":2,"featured_media":0,"parent":0,"menu_order":0,"comment_status":"closed","ping_status":"closed","template":"","meta":{"_uag_custom_page_level_css":"","site-sidebar-layout":"default","site-content-layout":"","ast-site-content-layout":"default","site-content-style":"default","site-sidebar-style":"default","ast-global-header-display":"","ast-banner-title-visibility":"","ast-main-header-display":"","ast-hfb-above-header-display":"","ast-hfb-below-header-display":"","ast-hfb-mobile-header-display":"","site-post-title":"","ast-breadcrumbs-content":"","ast-featured-img":"","footer-sml-layout":"","ast-disable-related-posts":"","theme-transparent-header-meta":"","adv-header-id-meta":"","stick-header-meta":"","header-above-stick-meta":"","header-main-stick-meta":"","header-below-stick-meta":"","astra-migrate-meta-layouts":"default","ast-page-background-enabled":"default","ast-page-background-meta":{"desktop":{"background-color":"var(--ast-global-color-4)","background-image":"","background-repeat":"repeat","background-position":"center center","background-size":"auto","background-attachment":"scroll","background-type":"","background-media":"","overlay-type":"","overlay-color":"","overlay-opacity":"","overlay-gradient":""},"tablet":{"background-color":"","background-image":"","background-repeat":"repeat","background-position":"center center","background-size":"auto","background-attachment":"scroll","background-type":"","background-media":"","overlay-type":"","overlay-color":"","overlay-opacity":"","overlay-gradient":""},"mobile":{"background-color":"","background-image":"","background-repeat":"repeat","background-position":"center center","background-size":"auto","background-attachment":"scroll","background-type":"","background-media":"","overlay-type":"","overlay-color":"","overlay-opacity":"","overlay-gradient":""}},"ast-content-background-meta":{"desktop":{"background-color":"var(--ast-global-color-5)","background-image":"","background-repeat":"repeat","background-position":"center center","background-size":"auto","background-attachment":"scroll","background-type":"","background-media":"","overlay-type":"","overlay-color":"","overlay-opacity":"","overlay-gradient":""},"tablet":{"background-color":"var(--ast-global-color-5)","background-image":"","background-repeat":"repeat","background-position":"center center","background-size":"auto","background-attachment":"scroll","background-type":"","background-media":"","overlay-type":"","overlay-color":"","overlay-opacity":"","overlay-gradient":""},"mobile":{"background-color":"var(--ast-global-color-5)","background-image":"","background-repeat":"repeat","background-position":"center center","background-size":"auto","background-attachment":"scroll","background-type":"","background-media":"","overlay-type":"","overlay-color":"","overlay-opacity":"","overlay-gradient":""}},"footnotes":""},"class_list":["post-1009","page","type-page","status-publish","hentry"],"yoast_head":"<!-- This site is optimized with the Yoast SEO plugin v27.5 - https:\/\/yoast.com\/product\/yoast-seo-wordpress\/ -->\n<title>\u00c0 propos de nous - Finca Pura Vida<\/title>\n<meta name=\"robots\" content=\"index, follow, max-snippet:-1, max-image-preview:large, max-video-preview:-1\" \/>\n<link rel=\"canonical\" href=\"https:\/\/finca-puravida-lapalma.com\/fr\/a-propos-de-nous\/\" \/>\n<meta property=\"og:locale\" content=\"fr_FR\" \/>\n<meta property=\"og:type\" content=\"article\" \/>\n<meta property=\"og:title\" content=\"\u00c0 propos de nous - Finca Pura Vida\" \/>\n<meta property=\"og:description\" content=\"\u00c0 propos de nous En \u00e9t\u00e9 2017, nous avons largu\u00e9 les amarres et ont lanc\u00e9 notre grand voyage en voilier. [&hellip;]\" \/>\n<meta property=\"og:url\" content=\"https:\/\/finca-puravida-lapalma.com\/fr\/a-propos-de-nous\/\" \/>\n<meta property=\"og:site_name\" content=\"Finca Pura Vida\" \/>\n<meta property=\"article:modified_time\" content=\"2023-07-17T10:14:42+00:00\" \/>\n<meta property=\"og:image\" content=\"https:\/\/finca-puravida-lapalma.com\/wp-content\/uploads\/Stefanie-und-Matthias-Legler-300x233.jpg\" \/>\n<meta name=\"twitter:card\" content=\"summary_large_image\" \/>\n<meta name=\"twitter:label1\" content=\"Dur\u00e9e de lecture estim\u00e9e\" \/>\n\t<meta name=\"twitter:data1\" content=\"1 minute\" \/>\n<script type=\"application\/ld+json\" class=\"yoast-schema-graph\">{\"@context\":\"https:\\\/\\\/schema.org\",\"@graph\":[{\"@type\":\"WebPage\",\"@id\":\"https:\\\/\\\/finca-puravida-lapalma.com\\\/fr\\\/a-propos-de-nous\\\/\",\"url\":\"https:\\\/\\\/finca-puravida-lapalma.com\\\/fr\\\/a-propos-de-nous\\\/\",\"name\":\"\u00c0 propos de nous - Finca Pura Vida\",\"isPartOf\":{\"@id\":\"https:\\\/\\\/finca-puravida-lapalma.com\\\/fr\\\/#website\"},\"primaryImageOfPage\":{\"@id\":\"https:\\\/\\\/finca-puravida-lapalma.com\\\/fr\\\/a-propos-de-nous\\\/#primaryimage\"},\"image\":{\"@id\":\"https:\\\/\\\/finca-puravida-lapalma.com\\\/fr\\\/a-propos-de-nous\\\/#primaryimage\"},\"thumbnailUrl\":\"https:\\\/\\\/finca-puravida-lapalma.com\\\/wp-content\\\/uploads\\\/Stefanie-und-Matthias-Legler-300x233.jpg\",\"datePublished\":\"2019-02-18T10:01:06+00:00\",\"dateModified\":\"2023-07-17T10:14:42+00:00\",\"breadcrumb\":{\"@id\":\"https:\\\/\\\/finca-puravida-lapalma.com\\\/fr\\\/a-propos-de-nous\\\/#breadcrumb\"},\"inLanguage\":\"fr-FR\",\"potentialAction\":[{\"@type\":\"ReadAction\",\"target\":[\"https:\\\/\\\/finca-puravida-lapalma.com\\\/fr\\\/a-propos-de-nous\\\/\"]}]},{\"@type\":\"ImageObject\",\"inLanguage\":\"fr-FR\",\"@id\":\"https:\\\/\\\/finca-puravida-lapalma.com\\\/fr\\\/a-propos-de-nous\\\/#primaryimage\",\"url\":\"https:\\\/\\\/finca-puravida-lapalma.com\\\/wp-content\\\/uploads\\\/Stefanie-und-Matthias-Legler-300x233.jpg\",\"contentUrl\":\"https:\\\/\\\/finca-puravida-lapalma.com\\\/wp-content\\\/uploads\\\/Stefanie-und-Matthias-Legler-300x233.jpg\"},{\"@type\":\"BreadcrumbList\",\"@id\":\"https:\\\/\\\/finca-puravida-lapalma.com\\\/fr\\\/a-propos-de-nous\\\/#breadcrumb\",\"itemListElement\":[{\"@type\":\"ListItem\",\"position\":1,\"name\":\"Home\",\"item\":\"https:\\\/\\\/finca-puravida-lapalma.com\\\/fr\\\/\"},{\"@type\":\"ListItem\",\"position\":2,\"name\":\"\u00c0 propos de nous\"}]},{\"@type\":\"WebSite\",\"@id\":\"https:\\\/\\\/finca-puravida-lapalma.com\\\/fr\\\/#website\",\"url\":\"https:\\\/\\\/finca-puravida-lapalma.com\\\/fr\\\/\",\"name\":\"Finca Pura Vida\",\"description\":\"home\",\"publisher\":{\"@id\":\"https:\\\/\\\/finca-puravida-lapalma.com\\\/fr\\\/#organization\"},\"potentialAction\":[{\"@type\":\"SearchAction\",\"target\":{\"@type\":\"EntryPoint\",\"urlTemplate\":\"https:\\\/\\\/finca-puravida-lapalma.com\\\/fr\\\/?s={search_term_string}\"},\"query-input\":{\"@type\":\"PropertyValueSpecification\",\"valueRequired\":true,\"valueName\":\"search_term_string\"}}],\"inLanguage\":\"fr-FR\"},{\"@type\":\"Organization\",\"@id\":\"https:\\\/\\\/finca-puravida-lapalma.com\\\/fr\\\/#organization\",\"name\":\"Finca Pura Vida \u2013 La Palma\",\"url\":\"https:\\\/\\\/finca-puravida-lapalma.com\\\/fr\\\/\",\"logo\":{\"@type\":\"ImageObject\",\"inLanguage\":\"fr-FR\",\"@id\":\"https:\\\/\\\/finca-puravida-lapalma.com\\\/fr\\\/#\\\/schema\\\/logo\\\/image\\\/\",\"url\":\"https:\\\/\\\/finca-puravida-lapalma.com\\\/wp-content\\\/uploads\\\/intro-facebook.jpg\",\"contentUrl\":\"https:\\\/\\\/finca-puravida-lapalma.com\\\/wp-content\\\/uploads\\\/intro-facebook.jpg\",\"width\":400,\"height\":283,\"caption\":\"Finca Pura Vida \u2013 La Palma\"},\"image\":{\"@id\":\"https:\\\/\\\/finca-puravida-lapalma.com\\\/fr\\\/#\\\/schema\\\/logo\\\/image\\\/\"}}]}<\/script>\n<!-- \/ Yoast SEO plugin. -->","yoast_head_json":{"title":"\u00c0 propos de nous - Finca Pura Vida","robots":{"index":"index","follow":"follow","max-snippet":"max-snippet:-1","max-image-preview":"max-image-preview:large","max-video-preview":"max-video-preview:-1"},"canonical":"https:\/\/finca-puravida-lapalma.com\/fr\/a-propos-de-nous\/","og_locale":"fr_FR","og_type":"article","og_title":"\u00c0 propos de nous - Finca Pura Vida","og_description":"\u00c0 propos de nous En \u00e9t\u00e9 2017, nous avons largu\u00e9 les amarres et ont lanc\u00e9 notre grand voyage en voilier. [&hellip;]","og_url":"https:\/\/finca-puravida-lapalma.com\/fr\/a-propos-de-nous\/","og_site_name":"Finca Pura Vida","article_modified_time":"2023-07-17T10:14:42+00:00","og_image":[{"url":"https:\/\/finca-puravida-lapalma.com\/wp-content\/uploads\/Stefanie-und-Matthias-Legler-300x233.jpg","type":"","width":"","height":""}],"twitter_card":"summary_large_image","twitter_misc":{"Dur\u00e9e de lecture estim\u00e9e":"1 minute"},"schema":{"@context":"https:\/\/schema.org","@graph":[{"@type":"WebPage","@id":"https:\/\/finca-puravida-lapalma.com\/fr\/a-propos-de-nous\/","url":"https:\/\/finca-puravida-lapalma.com\/fr\/a-propos-de-nous\/","name":"\u00c0 propos de nous - Finca Pura Vida","isPartOf":{"@id":"https:\/\/finca-puravida-lapalma.com\/fr\/#website"},"primaryImageOfPage":{"@id":"https:\/\/finca-puravida-lapalma.com\/fr\/a-propos-de-nous\/#primaryimage"},"image":{"@id":"https:\/\/finca-puravida-lapalma.com\/fr\/a-propos-de-nous\/#primaryimage"},"thumbnailUrl":"https:\/\/finca-puravida-lapalma.com\/wp-content\/uploads\/Stefanie-und-Matthias-Legler-300x233.jpg","datePublished":"2019-02-18T10:01:06+00:00","dateModified":"2023-07-17T10:14:42+00:00","breadcrumb":{"@id":"https:\/\/finca-puravida-lapalma.com\/fr\/a-propos-de-nous\/#breadcrumb"},"inLanguage":"fr-FR","potentialAction":[{"@type":"ReadAction","target":["https:\/\/finca-puravida-lapalma.com\/fr\/a-propos-de-nous\/"]}]},{"@type":"ImageObject","inLanguage":"fr-FR","@id":"https:\/\/finca-puravida-lapalma.com\/fr\/a-propos-de-nous\/#primaryimage","url":"https:\/\/finca-puravida-lapalma.com\/wp-content\/uploads\/Stefanie-und-Matthias-Legler-300x233.jpg","contentUrl":"https:\/\/finca-puravida-lapalma.com\/wp-content\/uploads\/Stefanie-und-Matthias-Legler-300x233.jpg"},{"@type":"BreadcrumbList","@id":"https:\/\/finca-puravida-lapalma.com\/fr\/a-propos-de-nous\/#breadcrumb","itemListElement":[{"@type":"ListItem","position":1,"name":"Home","item":"https:\/\/finca-puravida-lapalma.com\/fr\/"},{"@type":"ListItem","position":2,"name":"\u00c0 propos de nous"}]},{"@type":"WebSite","@id":"https:\/\/finca-puravida-lapalma.com\/fr\/#website","url":"https:\/\/finca-puravida-lapalma.com\/fr\/","name":"Finca Pura Vida","description":"home","publisher":{"@id":"https:\/\/finca-puravida-lapalma.com\/fr\/#organization"},"potentialAction":[{"@type":"SearchAction","target":{"@type":"EntryPoint","urlTemplate":"https:\/\/finca-puravida-lapalma.com\/fr\/?s={search_term_string}"},"query-input":{"@type":"PropertyValueSpecification","valueRequired":true,"valueName":"search_term_string"}}],"inLanguage":"fr-FR"},{"@type":"Organization","@id":"https:\/\/finca-puravida-lapalma.com\/fr\/#organization","name":"Finca Pura Vida \u2013 La Palma","url":"https:\/\/finca-puravida-lapalma.com\/fr\/","logo":{"@type":"ImageObject","inLanguage":"fr-FR","@id":"https:\/\/finca-puravida-lapalma.com\/fr\/#\/schema\/logo\/image\/","url":"https:\/\/finca-puravida-lapalma.com\/wp-content\/uploads\/intro-facebook.jpg","contentUrl":"https:\/\/finca-puravida-lapalma.com\/wp-content\/uploads\/intro-facebook.jpg","width":400,"height":283,"caption":"Finca Pura Vida \u2013 La Palma"},"image":{"@id":"https:\/\/finca-puravida-lapalma.com\/fr\/#\/schema\/logo\/image\/"}}]}},"spectra_custom_meta":{"_alp_processed":["1552982150"],"_wpml_word_count":["{\"total\":150,\"to_translate\":{\"nl\":150,\"en\":150,\"fr\":150,\"es\":150}}"],"_wpml_media_featured":["1"],"_wpml_media_duplicate":["1"],"_yoast_wpseo_content_score":["90"],"_edit_lock":["1689588883:2"],"_edit_last":["2"],"_wp_page_template":[""],"_last_translation_edit_mode":["native-editor"],"_yoast_wpseo_estimated-reading-time-minutes":["1"],"_yoast_wpseo_wordproof_timestamp":[""],"_uag_css_file_name":["uag-css-1009-1695024758.css"],"_uagb_previous_block_counts":["a:90:{s:21:\"uagb\/advanced-heading\";i:0;s:15:\"uagb\/blockquote\";i:0;s:12:\"uagb\/buttons\";i:0;s:18:\"uagb\/buttons-child\";i:0;s:19:\"uagb\/call-to-action\";i:0;s:15:\"uagb\/cf7-styler\";i:0;s:11:\"uagb\/column\";i:0;s:12:\"uagb\/columns\";i:0;s:14:\"uagb\/container\";i:1;s:21:\"uagb\/content-timeline\";i:0;s:27:\"uagb\/content-timeline-child\";i:0;s:14:\"uagb\/countdown\";i:0;s:12:\"uagb\/counter\";i:0;s:8:\"uagb\/faq\";i:0;s:14:\"uagb\/faq-child\";i:0;s:10:\"uagb\/forms\";i:0;s:17:\"uagb\/forms-accept\";i:0;s:19:\"uagb\/forms-checkbox\";i:0;s:15:\"uagb\/forms-date\";i:0;s:16:\"uagb\/forms-email\";i:0;s:17:\"uagb\/forms-hidden\";i:0;s:15:\"uagb\/forms-name\";i:0;s:16:\"uagb\/forms-phone\";i:0;s:16:\"uagb\/forms-radio\";i:0;s:17:\"uagb\/forms-select\";i:0;s:19:\"uagb\/forms-textarea\";i:0;s:17:\"uagb\/forms-toggle\";i:0;s:14:\"uagb\/forms-url\";i:0;s:14:\"uagb\/gf-styler\";i:0;s:15:\"uagb\/google-map\";i:0;s:11:\"uagb\/how-to\";i:0;s:16:\"uagb\/how-to-step\";i:0;s:9:\"uagb\/icon\";i:0;s:14:\"uagb\/icon-list\";i:0;s:20:\"uagb\/icon-list-child\";i:0;s:10:\"uagb\/image\";i:0;s:18:\"uagb\/image-gallery\";i:0;s:13:\"uagb\/info-box\";i:0;s:18:\"uagb\/inline-notice\";i:0;s:11:\"uagb\/lottie\";i:0;s:21:\"uagb\/marketing-button\";i:0;s:10:\"uagb\/modal\";i:0;s:18:\"uagb\/popup-builder\";i:0;s:16:\"uagb\/post-button\";i:0;s:18:\"uagb\/post-carousel\";i:0;s:17:\"uagb\/post-excerpt\";i:0;s:14:\"uagb\/post-grid\";i:0;s:15:\"uagb\/post-image\";i:0;s:17:\"uagb\/post-masonry\";i:0;s:14:\"uagb\/post-meta\";i:0;s:18:\"uagb\/post-taxonomy\";i:0;s:18:\"uagb\/post-timeline\";i:0;s:15:\"uagb\/post-title\";i:0;s:20:\"uagb\/restaurant-menu\";i:0;s:26:\"uagb\/restaurant-menu-child\";i:0;s:11:\"uagb\/review\";i:0;s:12:\"uagb\/section\";i:0;s:14:\"uagb\/separator\";i:0;s:11:\"uagb\/slider\";i:0;s:17:\"uagb\/slider-child\";i:0;s:17:\"uagb\/social-share\";i:0;s:23:\"uagb\/social-share-child\";i:0;s:16:\"uagb\/star-rating\";i:0;s:23:\"uagb\/sure-cart-checkout\";i:0;s:22:\"uagb\/sure-cart-product\";i:0;s:15:\"uagb\/sure-forms\";i:0;s:22:\"uagb\/table-of-contents\";i:0;s:9:\"uagb\/tabs\";i:0;s:15:\"uagb\/tabs-child\";i:0;s:18:\"uagb\/taxonomy-list\";i:0;s:9:\"uagb\/team\";i:0;s:16:\"uagb\/testimonial\";i:0;s:14:\"uagb\/wp-search\";i:0;s:19:\"uagb\/instagram-feed\";i:0;s:10:\"uagb\/login\";i:0;s:17:\"uagb\/loop-builder\";i:0;s:18:\"uagb\/loop-category\";i:0;s:20:\"uagb\/loop-pagination\";i:0;s:15:\"uagb\/loop-reset\";i:0;s:16:\"uagb\/loop-search\";i:0;s:14:\"uagb\/loop-sort\";i:0;s:17:\"uagb\/loop-wrapper\";i:0;s:13:\"uagb\/register\";i:0;s:19:\"uagb\/register-email\";i:0;s:24:\"uagb\/register-first-name\";i:0;s:23:\"uagb\/register-last-name\";i:0;s:22:\"uagb\/register-password\";i:0;s:30:\"uagb\/register-reenter-password\";i:0;s:19:\"uagb\/register-terms\";i:0;s:22:\"uagb\/register-username\";i:0;}"],"_uagb_last_spectra_edit":["1777265541"],"_uag_page_assets":["a:9:{s:3:\"css\";s:2425:\".wp-block-uagb-container.uagb-block-cf66ec88 .uagb-container__shape-top svg{width: calc( 100% + 1.3px );}.wp-block-uagb-container.uagb-block-cf66ec88 .uagb-container__shape.uagb-container__shape-top .uagb-container__shape-fill{fill: rgba(51,51,51,1);}.wp-block-uagb-container.uagb-block-cf66ec88 .uagb-container__shape-bottom svg{width: calc( 100% + 1.3px );}.wp-block-uagb-container.uagb-block-cf66ec88 .uagb-container__shape.uagb-container__shape-bottom .uagb-container__shape-fill{fill: rgba(51,51,51,1);}.wp-block-uagb-container.uagb-block-cf66ec88 .uagb-container__video-wrap video{opacity: 1;}.wp-block-uagb-container.uagb-is-root-container .uagb-block-cf66ec88{max-width: 100%;width: 100%;}.wp-block-uagb-container.uagb-is-root-container.alignfull.uagb-block-cf66ec88 > .uagb-container-inner-blocks-wrap{--inner-content-custom-width: min( 100%, 1150px);max-width: var(--inner-content-custom-width);width: 100%;flex-direction: column;align-items: flex-start;justify-content: flex-start;flex-wrap: nowrap;row-gap: 0px;column-gap: 0px;}.wp-block-uagb-container.uagb-block-cf66ec88{box-shadow: 0px 0px   #00000070 ;padding-top: 0px;padding-bottom: 0px;padding-left: 0px;padding-right: 0px;margin-top:  !important;margin-bottom:  !important;overflow: visible;order: initial;border-color: inherit;row-gap: 0px;column-gap: 0px;}@media only screen and (max-width: 976px) {.wp-block-uagb-container.uagb-is-root-container .uagb-block-cf66ec88{width: 100%;}.wp-block-uagb-container.uagb-is-root-container.alignfull.uagb-block-cf66ec88 > .uagb-container-inner-blocks-wrap{--inner-content-custom-width: min( 100%, 1024px);max-width: var(--inner-content-custom-width);width: 100%;}.wp-block-uagb-container.uagb-block-cf66ec88{padding-top: 0px;padding-bottom: 0px;padding-left: 0px;padding-right: 0px;margin-top:  !important;margin-bottom:  !important;order: initial;}}@media only screen and (max-width: 767px) {.wp-block-uagb-container.uagb-is-root-container .uagb-block-cf66ec88{max-width: 100%;width: 100%;}.wp-block-uagb-container.uagb-is-root-container.alignfull.uagb-block-cf66ec88 > .uagb-container-inner-blocks-wrap{--inner-content-custom-width: min( 100%, 767px);max-width: var(--inner-content-custom-width);width: 100%;flex-wrap: wrap;}.wp-block-uagb-container.uagb-block-cf66ec88{padding-top: 0px;padding-bottom: 0px;padding-left: 0px;padding-right: 0px;margin-top:  !important;margin-bottom:  !important;order: initial;}}\";s:2:\"js\";s:0:\"\";s:18:\"current_block_list\";a:2:{i:0;s:14:\"uagb\/container\";i:1;s:13:\"core\/freeform\";}s:8:\"uag_flag\";b:1;s:11:\"uag_version\";s:10:\"1778157589\";s:6:\"gfonts\";a:0:{}s:10:\"gfonts_url\";s:0:\"\";s:12:\"gfonts_files\";a:0:{}s:14:\"uag_faq_layout\";b:0;}"]},"uagb_featured_image_src":{"full":false,"thumbnail":false,"medium":false,"medium_large":false,"large":false,"1536x1536":false,"2048x2048":false},"uagb_author_info":{"display_name":"itlapalma","author_link":"https:\/\/finca-puravida-lapalma.com\/fr\/author\/itlapalma\/"},"uagb_comment_info":0,"uagb_excerpt":"\u00c0 propos de nous En \u00e9t\u00e9 2017, nous avons largu\u00e9 les amarres et ont lanc\u00e9 notre grand voyage en voilier. [&hellip;]","_links":{"self":[{"href":"https:\/\/finca-puravida-lapalma.com\/fr\/wp-json\/wp\/v2\/pages\/1009","targetHints":{"allow":["GET"]}}],"collection":[{"href":"https:\/\/finca-puravida-lapalma.com\/fr\/wp-json\/wp\/v2\/pages"}],"about":[{"href":"https:\/\/finca-puravida-lapalma.com\/fr\/wp-json\/wp\/v2\/types\/page"}],"author":[{"embeddable":true,"href":"https:\/\/finca-puravida-lapalma.com\/fr\/wp-json\/wp\/v2\/users\/2"}],"replies":[{"embeddable":true,"href":"https:\/\/finca-puravida-lapalma.com\/fr\/wp-json\/wp\/v2\/comments?post=1009"}],"version-history":[{"count":0,"href":"https:\/\/finca-puravida-lapalma.com\/fr\/wp-json\/wp\/v2\/pages\/1009\/revisions"}],"wp:attachment":[{"href":"https:\/\/finca-puravida-lapalma.com\/fr\/wp-json\/wp\/v2\/media?parent=1009"}],"curies":[{"name":"wp","href":"https:\/\/api.w.org\/{rel}","templated":true}]}}