{"id":517,"date":"2019-02-18T10:01:06","date_gmt":"2019-02-18T10:01:06","guid":{"rendered":"https:\/\/finca-puravida-lapalma.com\/?page_id=517"},"modified":"2023-07-17T10:13:01","modified_gmt":"2023-07-17T10:13:01","slug":"ueber-uns","status":"publish","type":"page","link":"https:\/\/finca-puravida-lapalma.com\/de\/ueber-uns\/","title":{"rendered":"\u00dcber uns"},"content":{"rendered":"\n<div class=\"wp-block-uagb-container uagb-block-2a909dd7 alignfull uagb-is-root-container\"><div class=\"uagb-container-inner-blocks-wrap\">\n<h1>\u00dcber uns<\/h1>\n<p><img loading=\"lazy\" decoding=\"async\" class=\"alignleft wp-image-643 size-medium\" src=\"https:\/\/finca-puravida-lapalma.com\/wp-content\/uploads\/Stefanie-und-Matthias-Legler-300x233.jpg\" alt=\"\" width=\"300\" height=\"233\" \/>Im Sommer 2017 haben wir die Leinen gekappt und sind losgesegelt. Nach langj\u00e4hrigen, beruflichen Aufenthalten in Deutschland, Malaysia und der Schweiz erf\u00fcllten wir uns unseren gemeinsamen Traum und begaben uns auf die gro\u00dfe Reise. Wir hatten von Anfang an den Wunsch noch ein zweites Zuhause neben unserem Segelboot zu finden. Und das geschah schneller als gedacht. Hier auf La Palma wussten wir, dass wir vorerst angekommen sind und hier unsere \u201ekleine Welt\u201c gefunden haben. Da wir auf die gro\u00dfe Welt noch nicht verzichten wollen und weiterhin segelnd unterwegs sind, haben Sie die M\u00f6glichkeit w\u00e4hrend unserer Abwesenheit an unserem Gl\u00fcck teilzuhaben, und einige Zeit auf unserer wundervollen Finca zu verbringen. Da wir die Insel und die Palmeros ins Herz geschlossen haben, werden wir selbst auch weiterhin \u00f6fters auf La Palma sein und freuen uns darauf, Sie gegeben falls auch pers\u00f6nlich kennenzulernen.<\/p>\n<p><em>Stefanie und Matthias Legler<\/em><\/p>\n<\/div><\/div>\n","protected":false},"excerpt":{"rendered":"<p>\u00dcber uns Im Sommer 2017 haben wir die Leinen gekappt und sind losgesegelt. Nach langj\u00e4hrigen, beruflichen Aufenthalten in Deutschland, Malaysia [&hellip;]<\/p>\n","protected":false},"author":2,"featured_media":0,"parent":0,"menu_order":0,"comment_status":"closed","ping_status":"closed","template":"","meta":{"_uag_custom_page_level_css":"","site-sidebar-layout":"default","site-content-layout":"","ast-site-content-layout":"default","site-content-style":"default","site-sidebar-style":"default","ast-global-header-display":"","ast-banner-title-visibility":"","ast-main-header-display":"","ast-hfb-above-header-display":"","ast-hfb-below-header-display":"","ast-hfb-mobile-header-display":"","site-post-title":"","ast-breadcrumbs-content":"","ast-featured-img":"","footer-sml-layout":"","ast-disable-related-posts":"","theme-transparent-header-meta":"","adv-header-id-meta":"","stick-header-meta":"","header-above-stick-meta":"","header-main-stick-meta":"","header-below-stick-meta":"","astra-migrate-meta-layouts":"default","ast-page-background-enabled":"default","ast-page-background-meta":{"desktop":{"background-color":"var(--ast-global-color-4)","background-image":"","background-repeat":"repeat","background-position":"center center","background-size":"auto","background-attachment":"scroll","background-type":"","background-media":"","overlay-type":"","overlay-color":"","overlay-opacity":"","overlay-gradient":""},"tablet":{"background-color":"","background-image":"","background-repeat":"repeat","background-position":"center center","background-size":"auto","background-attachment":"scroll","background-type":"","background-media":"","overlay-type":"","overlay-color":"","overlay-opacity":"","overlay-gradient":""},"mobile":{"background-color":"","background-image":"","background-repeat":"repeat","background-position":"center center","background-size":"auto","background-attachment":"scroll","background-type":"","background-media":"","overlay-type":"","overlay-color":"","overlay-opacity":"","overlay-gradient":""}},"ast-content-background-meta":{"desktop":{"background-color":"var(--ast-global-color-5)","background-image":"","background-repeat":"repeat","background-position":"center center","background-size":"auto","background-attachment":"scroll","background-type":"","background-media":"","overlay-type":"","overlay-color":"","overlay-opacity":"","overlay-gradient":""},"tablet":{"background-color":"var(--ast-global-color-5)","background-image":"","background-repeat":"repeat","background-position":"center center","background-size":"auto","background-attachment":"scroll","background-type":"","background-media":"","overlay-type":"","overlay-color":"","overlay-opacity":"","overlay-gradient":""},"mobile":{"background-color":"var(--ast-global-color-5)","background-image":"","background-repeat":"repeat","background-position":"center center","background-size":"auto","background-attachment":"scroll","background-type":"","background-media":"","overlay-type":"","overlay-color":"","overlay-opacity":"","overlay-gradient":""}},"footnotes":""},"class_list":["post-517","page","type-page","status-publish","hentry"],"yoast_head":"<!-- This site is optimized with the Yoast SEO plugin v27.3 - https:\/\/yoast.com\/product\/yoast-seo-wordpress\/ -->\n<title>\u00dcber uns - Finca Pura Vida<\/title>\n<meta name=\"robots\" content=\"index, follow, max-snippet:-1, max-image-preview:large, max-video-preview:-1\" \/>\n<link rel=\"canonical\" href=\"https:\/\/finca-puravida-lapalma.com\/de\/ueber-uns\/\" \/>\n<meta property=\"og:locale\" content=\"de_DE\" \/>\n<meta property=\"og:type\" content=\"article\" \/>\n<meta property=\"og:title\" content=\"\u00dcber uns - Finca Pura Vida\" \/>\n<meta property=\"og:description\" content=\"\u00dcber uns Im Sommer 2017 haben wir die Leinen gekappt und sind losgesegelt. Nach langj\u00e4hrigen, beruflichen Aufenthalten in Deutschland, Malaysia [&hellip;]\" \/>\n<meta property=\"og:url\" content=\"https:\/\/finca-puravida-lapalma.com\/de\/ueber-uns\/\" \/>\n<meta property=\"og:site_name\" content=\"Finca Pura Vida\" \/>\n<meta property=\"article:modified_time\" content=\"2023-07-17T10:13:01+00:00\" \/>\n<meta property=\"og:image\" content=\"https:\/\/finca-puravida-lapalma.com\/wp-content\/uploads\/Stefanie-und-Matthias-Legler-300x233.jpg\" \/>\n<meta name=\"twitter:card\" content=\"summary_large_image\" \/>\n<meta name=\"twitter:label1\" content=\"Gesch\u00e4tzte Lesezeit\" \/>\n\t<meta name=\"twitter:data1\" content=\"1\u00a0Minute\" \/>\n<script type=\"application\/ld+json\" class=\"yoast-schema-graph\">{\"@context\":\"https:\\\/\\\/schema.org\",\"@graph\":[{\"@type\":\"WebPage\",\"@id\":\"https:\\\/\\\/finca-puravida-lapalma.com\\\/de\\\/ueber-uns\\\/\",\"url\":\"https:\\\/\\\/finca-puravida-lapalma.com\\\/de\\\/ueber-uns\\\/\",\"name\":\"\u00dcber uns - Finca Pura Vida\",\"isPartOf\":{\"@id\":\"https:\\\/\\\/finca-puravida-lapalma.com\\\/de\\\/#website\"},\"primaryImageOfPage\":{\"@id\":\"https:\\\/\\\/finca-puravida-lapalma.com\\\/de\\\/ueber-uns\\\/#primaryimage\"},\"image\":{\"@id\":\"https:\\\/\\\/finca-puravida-lapalma.com\\\/de\\\/ueber-uns\\\/#primaryimage\"},\"thumbnailUrl\":\"https:\\\/\\\/finca-puravida-lapalma.com\\\/wp-content\\\/uploads\\\/Stefanie-und-Matthias-Legler-300x233.jpg\",\"datePublished\":\"2019-02-18T10:01:06+00:00\",\"dateModified\":\"2023-07-17T10:13:01+00:00\",\"breadcrumb\":{\"@id\":\"https:\\\/\\\/finca-puravida-lapalma.com\\\/de\\\/ueber-uns\\\/#breadcrumb\"},\"inLanguage\":\"de\",\"potentialAction\":[{\"@type\":\"ReadAction\",\"target\":[\"https:\\\/\\\/finca-puravida-lapalma.com\\\/de\\\/ueber-uns\\\/\"]}]},{\"@type\":\"ImageObject\",\"inLanguage\":\"de\",\"@id\":\"https:\\\/\\\/finca-puravida-lapalma.com\\\/de\\\/ueber-uns\\\/#primaryimage\",\"url\":\"https:\\\/\\\/finca-puravida-lapalma.com\\\/wp-content\\\/uploads\\\/Stefanie-und-Matthias-Legler-300x233.jpg\",\"contentUrl\":\"https:\\\/\\\/finca-puravida-lapalma.com\\\/wp-content\\\/uploads\\\/Stefanie-und-Matthias-Legler-300x233.jpg\"},{\"@type\":\"BreadcrumbList\",\"@id\":\"https:\\\/\\\/finca-puravida-lapalma.com\\\/de\\\/ueber-uns\\\/#breadcrumb\",\"itemListElement\":[{\"@type\":\"ListItem\",\"position\":1,\"name\":\"Home\",\"item\":\"https:\\\/\\\/finca-puravida-lapalma.com\\\/de\\\/\"},{\"@type\":\"ListItem\",\"position\":2,\"name\":\"\u00dcber uns\"}]},{\"@type\":\"WebSite\",\"@id\":\"https:\\\/\\\/finca-puravida-lapalma.com\\\/de\\\/#website\",\"url\":\"https:\\\/\\\/finca-puravida-lapalma.com\\\/de\\\/\",\"name\":\"Finca Pura Vida\",\"description\":\"home\",\"publisher\":{\"@id\":\"https:\\\/\\\/finca-puravida-lapalma.com\\\/de\\\/#organization\"},\"potentialAction\":[{\"@type\":\"SearchAction\",\"target\":{\"@type\":\"EntryPoint\",\"urlTemplate\":\"https:\\\/\\\/finca-puravida-lapalma.com\\\/de\\\/?s={search_term_string}\"},\"query-input\":{\"@type\":\"PropertyValueSpecification\",\"valueRequired\":true,\"valueName\":\"search_term_string\"}}],\"inLanguage\":\"de\"},{\"@type\":\"Organization\",\"@id\":\"https:\\\/\\\/finca-puravida-lapalma.com\\\/de\\\/#organization\",\"name\":\"Finca Pura Vida \u2013 La Palma\",\"url\":\"https:\\\/\\\/finca-puravida-lapalma.com\\\/de\\\/\",\"logo\":{\"@type\":\"ImageObject\",\"inLanguage\":\"de\",\"@id\":\"https:\\\/\\\/finca-puravida-lapalma.com\\\/de\\\/#\\\/schema\\\/logo\\\/image\\\/\",\"url\":\"https:\\\/\\\/finca-puravida-lapalma.com\\\/wp-content\\\/uploads\\\/intro-facebook.jpg\",\"contentUrl\":\"https:\\\/\\\/finca-puravida-lapalma.com\\\/wp-content\\\/uploads\\\/intro-facebook.jpg\",\"width\":400,\"height\":283,\"caption\":\"Finca Pura Vida \u2013 La Palma\"},\"image\":{\"@id\":\"https:\\\/\\\/finca-puravida-lapalma.com\\\/de\\\/#\\\/schema\\\/logo\\\/image\\\/\"}}]}<\/script>\n<!-- \/ Yoast SEO plugin. -->","yoast_head_json":{"title":"\u00dcber uns - Finca Pura Vida","robots":{"index":"index","follow":"follow","max-snippet":"max-snippet:-1","max-image-preview":"max-image-preview:large","max-video-preview":"max-video-preview:-1"},"canonical":"https:\/\/finca-puravida-lapalma.com\/de\/ueber-uns\/","og_locale":"de_DE","og_type":"article","og_title":"\u00dcber uns - Finca Pura Vida","og_description":"\u00dcber uns Im Sommer 2017 haben wir die Leinen gekappt und sind losgesegelt. Nach langj\u00e4hrigen, beruflichen Aufenthalten in Deutschland, Malaysia [&hellip;]","og_url":"https:\/\/finca-puravida-lapalma.com\/de\/ueber-uns\/","og_site_name":"Finca Pura Vida","article_modified_time":"2023-07-17T10:13:01+00:00","og_image":[{"url":"https:\/\/finca-puravida-lapalma.com\/wp-content\/uploads\/Stefanie-und-Matthias-Legler-300x233.jpg","type":"","width":"","height":""}],"twitter_card":"summary_large_image","twitter_misc":{"Gesch\u00e4tzte Lesezeit":"1\u00a0Minute"},"schema":{"@context":"https:\/\/schema.org","@graph":[{"@type":"WebPage","@id":"https:\/\/finca-puravida-lapalma.com\/de\/ueber-uns\/","url":"https:\/\/finca-puravida-lapalma.com\/de\/ueber-uns\/","name":"\u00dcber uns - Finca Pura Vida","isPartOf":{"@id":"https:\/\/finca-puravida-lapalma.com\/de\/#website"},"primaryImageOfPage":{"@id":"https:\/\/finca-puravida-lapalma.com\/de\/ueber-uns\/#primaryimage"},"image":{"@id":"https:\/\/finca-puravida-lapalma.com\/de\/ueber-uns\/#primaryimage"},"thumbnailUrl":"https:\/\/finca-puravida-lapalma.com\/wp-content\/uploads\/Stefanie-und-Matthias-Legler-300x233.jpg","datePublished":"2019-02-18T10:01:06+00:00","dateModified":"2023-07-17T10:13:01+00:00","breadcrumb":{"@id":"https:\/\/finca-puravida-lapalma.com\/de\/ueber-uns\/#breadcrumb"},"inLanguage":"de","potentialAction":[{"@type":"ReadAction","target":["https:\/\/finca-puravida-lapalma.com\/de\/ueber-uns\/"]}]},{"@type":"ImageObject","inLanguage":"de","@id":"https:\/\/finca-puravida-lapalma.com\/de\/ueber-uns\/#primaryimage","url":"https:\/\/finca-puravida-lapalma.com\/wp-content\/uploads\/Stefanie-und-Matthias-Legler-300x233.jpg","contentUrl":"https:\/\/finca-puravida-lapalma.com\/wp-content\/uploads\/Stefanie-und-Matthias-Legler-300x233.jpg"},{"@type":"BreadcrumbList","@id":"https:\/\/finca-puravida-lapalma.com\/de\/ueber-uns\/#breadcrumb","itemListElement":[{"@type":"ListItem","position":1,"name":"Home","item":"https:\/\/finca-puravida-lapalma.com\/de\/"},{"@type":"ListItem","position":2,"name":"\u00dcber uns"}]},{"@type":"WebSite","@id":"https:\/\/finca-puravida-lapalma.com\/de\/#website","url":"https:\/\/finca-puravida-lapalma.com\/de\/","name":"Finca Pura Vida","description":"home","publisher":{"@id":"https:\/\/finca-puravida-lapalma.com\/de\/#organization"},"potentialAction":[{"@type":"SearchAction","target":{"@type":"EntryPoint","urlTemplate":"https:\/\/finca-puravida-lapalma.com\/de\/?s={search_term_string}"},"query-input":{"@type":"PropertyValueSpecification","valueRequired":true,"valueName":"search_term_string"}}],"inLanguage":"de"},{"@type":"Organization","@id":"https:\/\/finca-puravida-lapalma.com\/de\/#organization","name":"Finca Pura Vida \u2013 La Palma","url":"https:\/\/finca-puravida-lapalma.com\/de\/","logo":{"@type":"ImageObject","inLanguage":"de","@id":"https:\/\/finca-puravida-lapalma.com\/de\/#\/schema\/logo\/image\/","url":"https:\/\/finca-puravida-lapalma.com\/wp-content\/uploads\/intro-facebook.jpg","contentUrl":"https:\/\/finca-puravida-lapalma.com\/wp-content\/uploads\/intro-facebook.jpg","width":400,"height":283,"caption":"Finca Pura Vida \u2013 La Palma"},"image":{"@id":"https:\/\/finca-puravida-lapalma.com\/de\/#\/schema\/logo\/image\/"}}]}},"spectra_custom_meta":{"_wpml_word_count":["{\"total\":150,\"to_translate\":{\"nl\":150,\"en\":150,\"fr\":150,\"es\":150}}"],"_edit_lock":["1711362354:2"],"_edit_last":["2"],"_wpml_media_featured":["1"],"_wpml_media_duplicate":["1"],"_yoast_wpseo_content_score":["90"],"_wpml_location_migration_done":["1"],"_yoast_wpseo_estimated-reading-time-minutes":["1"],"_yoast_wpseo_wordproof_timestamp":[""],"_uag_css_file_name":["uag-css-517-1695067631.css"],"_uag_migration_processed":["1"],"copied_media_ids":["a:1:{i:0;i:647;}"],"referenced_media_ids":["a:0:{}"],"_uag_page_assets":["a:9:{s:3:\"css\";s:2425:\".wp-block-uagb-container.uagb-block-2a909dd7 .uagb-container__shape-top svg{width: calc( 100% + 1.3px );}.wp-block-uagb-container.uagb-block-2a909dd7 .uagb-container__shape.uagb-container__shape-top .uagb-container__shape-fill{fill: rgba(51,51,51,1);}.wp-block-uagb-container.uagb-block-2a909dd7 .uagb-container__shape-bottom svg{width: calc( 100% + 1.3px );}.wp-block-uagb-container.uagb-block-2a909dd7 .uagb-container__shape.uagb-container__shape-bottom .uagb-container__shape-fill{fill: rgba(51,51,51,1);}.wp-block-uagb-container.uagb-block-2a909dd7 .uagb-container__video-wrap video{opacity: 1;}.wp-block-uagb-container.uagb-is-root-container .uagb-block-2a909dd7{max-width: 100%;width: 100%;}.wp-block-uagb-container.uagb-is-root-container.alignfull.uagb-block-2a909dd7 > .uagb-container-inner-blocks-wrap{--inner-content-custom-width: min( 100%, 1150px);max-width: var(--inner-content-custom-width);width: 100%;flex-direction: column;align-items: flex-start;justify-content: flex-start;flex-wrap: nowrap;row-gap: 0px;column-gap: 0px;}.wp-block-uagb-container.uagb-block-2a909dd7{box-shadow: 0px 0px   #00000070 ;padding-top: 0px;padding-bottom: 0px;padding-left: 0px;padding-right: 0px;margin-top:  !important;margin-bottom:  !important;overflow: visible;order: initial;border-color: inherit;row-gap: 0px;column-gap: 0px;}@media only screen and (max-width: 976px) {.wp-block-uagb-container.uagb-is-root-container .uagb-block-2a909dd7{width: 100%;}.wp-block-uagb-container.uagb-is-root-container.alignfull.uagb-block-2a909dd7 > .uagb-container-inner-blocks-wrap{--inner-content-custom-width: min( 100%, 1024px);max-width: var(--inner-content-custom-width);width: 100%;}.wp-block-uagb-container.uagb-block-2a909dd7{padding-top: 0px;padding-bottom: 0px;padding-left: 0px;padding-right: 0px;margin-top:  !important;margin-bottom:  !important;order: initial;}}@media only screen and (max-width: 767px) {.wp-block-uagb-container.uagb-is-root-container .uagb-block-2a909dd7{max-width: 100%;width: 100%;}.wp-block-uagb-container.uagb-is-root-container.alignfull.uagb-block-2a909dd7 > .uagb-container-inner-blocks-wrap{--inner-content-custom-width: min( 100%, 767px);max-width: var(--inner-content-custom-width);width: 100%;flex-wrap: wrap;}.wp-block-uagb-container.uagb-block-2a909dd7{padding-top: 0px;padding-bottom: 0px;padding-left: 0px;padding-right: 0px;margin-top:  !important;margin-bottom:  !important;order: initial;}}\";s:2:\"js\";s:0:\"\";s:18:\"current_block_list\";a:2:{i:0;s:14:\"uagb\/container\";i:1;s:13:\"core\/freeform\";}s:8:\"uag_flag\";b:1;s:11:\"uag_version\";s:10:\"1775896595\";s:6:\"gfonts\";a:0:{}s:10:\"gfonts_url\";s:0:\"\";s:12:\"gfonts_files\";a:0:{}s:14:\"uag_faq_layout\";b:0;}"]},"uagb_featured_image_src":{"full":false,"thumbnail":false,"medium":false,"medium_large":false,"large":false,"1536x1536":false,"2048x2048":false},"uagb_author_info":{"display_name":"itlapalma","author_link":"https:\/\/finca-puravida-lapalma.com\/de\/author\/itlapalma\/"},"uagb_comment_info":0,"uagb_excerpt":"\u00dcber uns Im Sommer 2017 haben wir die Leinen gekappt und sind losgesegelt. Nach langj\u00e4hrigen, beruflichen Aufenthalten in Deutschland, Malaysia [&hellip;]","_links":{"self":[{"href":"https:\/\/finca-puravida-lapalma.com\/de\/wp-json\/wp\/v2\/pages\/517","targetHints":{"allow":["GET"]}}],"collection":[{"href":"https:\/\/finca-puravida-lapalma.com\/de\/wp-json\/wp\/v2\/pages"}],"about":[{"href":"https:\/\/finca-puravida-lapalma.com\/de\/wp-json\/wp\/v2\/types\/page"}],"author":[{"embeddable":true,"href":"https:\/\/finca-puravida-lapalma.com\/de\/wp-json\/wp\/v2\/users\/2"}],"replies":[{"embeddable":true,"href":"https:\/\/finca-puravida-lapalma.com\/de\/wp-json\/wp\/v2\/comments?post=517"}],"version-history":[{"count":0,"href":"https:\/\/finca-puravida-lapalma.com\/de\/wp-json\/wp\/v2\/pages\/517\/revisions"}],"wp:attachment":[{"href":"https:\/\/finca-puravida-lapalma.com\/de\/wp-json\/wp\/v2\/media?parent=517"}],"curies":[{"name":"wp","href":"https:\/\/api.w.org\/{rel}","templated":true}]}}